{"id":118,"date":"2024-12-21T13:17:49","date_gmt":"2024-12-21T12:17:49","guid":{"rendered":"https:\/\/kinanemoualla.fr\/?page_id=118"},"modified":"2024-12-24T11:28:49","modified_gmt":"2024-12-24T10:28:49","slug":"on-set","status":"publish","type":"page","link":"https:\/\/kinanemoualla.fr\/?page_id=118","title":{"rendered":"TOURNAGES"},"content":{"rendered":"\n<div class=\"wp-block-columns is-layout-flex wp-container-core-columns-is-layout-28f84493 wp-block-columns-is-layout-flex\">\n<div class=\"wp-block-column is-layout-flow wp-block-column-is-layout-flow\">\n<div class=\"wp-block-columns is-layout-flex wp-container-core-columns-is-layout-28f84493 wp-block-columns-is-layout-flex\">\n<div class=\"wp-block-column is-layout-flow wp-block-column-is-layout-flow\"><\/div>\n\n\n\n<div class=\"wp-block-column is-layout-flow wp-block-column-is-layout-flow\">\n<h2 class=\"wp-block-heading has-text-align-center\">TOURNAGES<\/h2>\n\n\n\n<div style=\"height:41px\" aria-hidden=\"true\" class=\"wp-block-spacer\"><\/div>\n<\/div>\n\n\n\n<div class=\"wp-block-column is-layout-flow wp-block-column-is-layout-flow\"><\/div>\n<\/div>\n<\/div>\n<\/div>\n\n\n\n<div class=\"wp-block-columns is-layout-flex wp-container-core-columns-is-layout-28f84493 wp-block-columns-is-layout-flex\">\n<div class=\"wp-block-column is-vertically-aligned-stretch is-layout-flow wp-block-column-is-layout-flow\" style=\"padding-top:0;padding-right:0;padding-bottom:0;padding-left:0\">\n<div class=\"wp-block-columns is-layout-flex wp-container-core-columns-is-layout-28f84493 wp-block-columns-is-layout-flex\">\n<div class=\"wp-block-column is-layout-flow wp-block-column-is-layout-flow\" style=\"flex-basis:66.66%\">\n<figure class=\"wp-block-image size-large is-resized\"><img loading=\"lazy\" decoding=\"async\" width=\"768\" height=\"1024\" src=\"https:\/\/kinanemoualla.fr\/wp-content\/uploads\/2024\/12\/3659dda0-0174-4be7-ac93-7b4243e6acd5-768x1024.jpeg\" alt=\"\" class=\"wp-image-146\" style=\"width:685px\" srcset=\"https:\/\/kinanemoualla.fr\/wp-content\/uploads\/2024\/12\/3659dda0-0174-4be7-ac93-7b4243e6acd5-768x1024.jpeg 768w, https:\/\/kinanemoualla.fr\/wp-content\/uploads\/2024\/12\/3659dda0-0174-4be7-ac93-7b4243e6acd5-225x300.jpeg 225w, https:\/\/kinanemoualla.fr\/wp-content\/uploads\/2024\/12\/3659dda0-0174-4be7-ac93-7b4243e6acd5-1152x1536.jpeg 1152w, https:\/\/kinanemoualla.fr\/wp-content\/uploads\/2024\/12\/3659dda0-0174-4be7-ac93-7b4243e6acd5.jpeg 1200w\" sizes=\"auto, (max-width: 768px) 100vw, 768px\" \/><\/figure>\n<\/div>\n\n\n\n<div class=\"wp-block-column is-layout-flow wp-container-core-column-is-layout-ad1e33de wp-block-column-is-layout-flow\" style=\"padding-top:141;padding-right:141;padding-bottom:141;padding-left:141;flex-basis:33.33%\">\n<p style=\"border-style:none;border-width:0px;margin-top:0;margin-right:0;margin-bottom:0;margin-left:0;padding-top:0;padding-right:0;padding-bottom:0;padding-left:0;font-size:clamp(0.875rem, 0.875rem + ((1vw - 0.2rem) * 0.644), 1.2rem);\">Je me suis tr\u00e8s vite rendu compte que ce qui \u00e9tait le plus important chez un monteur son n&rsquo;\u00e9tait rien d&rsquo;autre que la qualit\u00e9 des enregistrements qu&rsquo;il poss\u00e8de. Quelle meilleure mani\u00e8re d&rsquo;enrichir sa banque son que de continuer \u00e0 tourner, que ce soit des court-m\u00e9trages, de la s\u00e9rie, du documentaire ou m\u00eame du corporate. J&rsquo;ai toujours aim\u00e9 \u00eatre en tournage, et cela m&rsquo;a aussi permis d&rsquo;aller dans des endroits d&rsquo;exception, sur les plages de Playa del Carmen, sur les \u00eeles des A\u00e7ores, dans les coins recul\u00e9s des Vosges, et m\u00eame sur la pelouse du stade de la Meinau !<\/p>\n\n\n\n<div style=\"height:7px\" aria-hidden=\"true\" class=\"wp-block-spacer\"><\/div>\n\n\n\n<p style=\"border-style:none;border-width:0px;margin-top:0;margin-right:0;margin-bottom:0;margin-left:0;padding-top:0;padding-right:0;padding-bottom:0;padding-left:0;font-size:clamp(0.875rem, 0.875rem + ((1vw - 0.2rem) * 0.644), 1.2rem);line-height:1.4\">Je dispose de tout le mat\u00e9riel n\u00e9cessaire \u00e0 la prise de son de tournage :<\/p>\n\n\n\n<p style=\"border-style:none;border-width:0px;margin-top:0;margin-right:0;margin-bottom:0;margin-left:0;padding-top:0;padding-right:0;padding-bottom:0;padding-left:0;font-size:clamp(0.875rem, 0.875rem + ((1vw - 0.2rem) * 0.644), 1.2rem);line-height:1.4\">Enregistreur Zaxcom Nomad 10<\/p>\n\n\n\n<p style=\"border-style:none;border-width:0px;margin-top:0;margin-right:0;margin-bottom:0;margin-left:0;padding-top:0;padding-right:0;padding-bottom:0;padding-left:0;font-size:clamp(0.875rem, 0.875rem + ((1vw - 0.2rem) * 0.644), 1.2rem);line-height:1.4\">KIT HF Wysicom x2<\/p>\n\n\n\n<p style=\"border-style:none;border-width:0px;margin-top:0;margin-right:0;margin-bottom:0;margin-left:0;padding-top:0;padding-right:0;padding-bottom:0;padding-left:0;font-size:clamp(0.875rem, 0.875rem + ((1vw - 0.2rem) * 0.644), 1.2rem);line-height:1.4\">KIT HF AudioLimited x2<\/p>\n\n\n\n<p style=\"border-style:none;border-width:0px;margin-top:0;margin-right:0;margin-bottom:0;margin-left:0;padding-top:0;padding-right:0;padding-bottom:0;padding-left:0;font-size:clamp(0.875rem, 0.875rem + ((1vw - 0.2rem) * 0.644), 1.2rem);line-height:1.4\">KIT HF Seenheiser G3<\/p>\n\n\n\n<p style=\"border-style:none;border-width:0px;margin-top:0;margin-right:0;margin-bottom:0;margin-left:0;padding-top:0;padding-right:0;padding-bottom:0;padding-left:0;font-size:clamp(0.875rem, 0.875rem + ((1vw - 0.2rem) * 0.644), 1.2rem);line-height:1.4\">KIT Retour HF Seenheiser G3<\/p>\n\n\n\n<p style=\"border-style:none;border-width:0px;margin-top:0;margin-right:0;margin-bottom:0;margin-left:0;padding-top:0;padding-right:0;padding-bottom:0;padding-left:0;font-size:clamp(0.875rem, 0.875rem + ((1vw - 0.2rem) * 0.644), 1.2rem);line-height:1.4\">Tentacle Sync<\/p>\n\n\n\n<p style=\"border-style:none;border-width:0px;margin-top:0;margin-right:0;margin-bottom:0;margin-left:0;padding-top:0;padding-right:0;padding-bottom:0;padding-left:0;font-size:clamp(0.875rem, 0.875rem + ((1vw - 0.2rem) * 0.644), 1.2rem);line-height:1.4\">Sanken CS3E<\/p>\n\n\n\n<p style=\"border-style:none;border-width:0px;margin-top:0;margin-right:0;margin-bottom:0;margin-left:0;padding-top:0;padding-right:0;padding-bottom:0;padding-left:0;font-size:clamp(0.875rem, 0.875rem + ((1vw - 0.2rem) * 0.644), 1.2rem);line-height:1.4\">Neumann KM184 x3<\/p>\n\n\n\n<p style=\"border-style:none;border-width:0px;margin-top:0;margin-right:0;margin-bottom:0;margin-left:0;padding-top:0;padding-right:0;padding-bottom:0;padding-left:0;font-size:clamp(0.875rem, 0.875rem + ((1vw - 0.2rem) * 0.644), 1.2rem);line-height:1.4\">Oktava x2<\/p>\n\n\n\n<p style=\"border-style:none;border-width:0px;margin-top:0;margin-right:0;margin-bottom:0;margin-left:0;padding-top:0;padding-right:0;padding-bottom:0;padding-left:0;font-size:clamp(0.875rem, 0.875rem + ((1vw - 0.2rem) * 0.644), 1.2rem);line-height:1.4\">AKG C214 x2<\/p>\n\n\n\n<p style=\"border-style:none;border-width:0px;margin-top:0;margin-right:0;margin-bottom:0;margin-left:0;padding-top:0;padding-right:0;padding-bottom:0;padding-left:0;font-size:clamp(0.875rem, 0.875rem + ((1vw - 0.2rem) * 0.644), 1.2rem);line-height:1.4\">Schoeps CMC41 et CMC40<\/p>\n<\/div>\n<\/div>\n<\/div>\n<\/div>\n\n\n\n<div class=\"wp-block-columns is-layout-flex wp-container-core-columns-is-layout-28f84493 wp-block-columns-is-layout-flex\">\n<div class=\"wp-block-column is-layout-flow wp-block-column-is-layout-flow\" style=\"flex-basis:66.66%\">\n<p class=\"has-small-font-size\" style=\"line-height:0.9\"><\/p>\n\n\n\n<div style=\"height:24px\" aria-hidden=\"true\" class=\"wp-block-spacer\"><\/div>\n<\/div>\n\n\n\n<div class=\"wp-block-column is-layout-flow wp-block-column-is-layout-flow\" style=\"flex-basis:33.33%\"><\/div>\n<\/div>\n\n\n\n<div class=\"wp-block-columns is-layout-flex wp-container-core-columns-is-layout-28f84493 wp-block-columns-is-layout-flex\">\n<div class=\"wp-block-column is-layout-flow wp-block-column-is-layout-flow\">\n<figure class=\"wp-block-image size-large hover-img\"><img loading=\"lazy\" decoding=\"async\" width=\"768\" height=\"1024\" src=\"https:\/\/kinanemoualla.fr\/wp-content\/uploads\/2024\/12\/IMG_5716-768x1024.jpeg\" alt=\"\" class=\"wp-image-250\" style=\"aspect-ratio:2\/3;object-fit:cover\" srcset=\"https:\/\/kinanemoualla.fr\/wp-content\/uploads\/2024\/12\/IMG_5716-768x1024.jpeg 768w, https:\/\/kinanemoualla.fr\/wp-content\/uploads\/2024\/12\/IMG_5716-225x300.jpeg 225w, https:\/\/kinanemoualla.fr\/wp-content\/uploads\/2024\/12\/IMG_5716-1152x1536.jpeg 1152w, https:\/\/kinanemoualla.fr\/wp-content\/uploads\/2024\/12\/IMG_5716-1536x2048.jpeg 1536w, https:\/\/kinanemoualla.fr\/wp-content\/uploads\/2024\/12\/IMG_5716-scaled.jpeg 1920w\" sizes=\"auto, (max-width: 768px) 100vw, 768px\" \/><\/figure>\n<\/div>\n\n\n\n<div class=\"wp-block-column is-layout-flow wp-block-column-is-layout-flow\">\n<figure class=\"wp-block-image size-large hover-img\"><img loading=\"lazy\" decoding=\"async\" width=\"768\" height=\"1024\" src=\"https:\/\/kinanemoualla.fr\/wp-content\/uploads\/2024\/08\/IMG_2917-768x1024.jpeg\" alt=\"\" class=\"wp-image-92\" style=\"aspect-ratio:2\/3;object-fit:cover\" srcset=\"https:\/\/kinanemoualla.fr\/wp-content\/uploads\/2024\/08\/IMG_2917-768x1024.jpeg 768w, https:\/\/kinanemoualla.fr\/wp-content\/uploads\/2024\/08\/IMG_2917-225x300.jpeg 225w, https:\/\/kinanemoualla.fr\/wp-content\/uploads\/2024\/08\/IMG_2917-1152x1536.jpeg 1152w, https:\/\/kinanemoualla.fr\/wp-content\/uploads\/2024\/08\/IMG_2917-1536x2048.jpeg 1536w, https:\/\/kinanemoualla.fr\/wp-content\/uploads\/2024\/08\/IMG_2917-scaled.jpeg 1920w\" sizes=\"auto, (max-width: 768px) 100vw, 768px\" \/><\/figure>\n<\/div>\n\n\n\n<div class=\"wp-block-column is-layout-flow wp-block-column-is-layout-flow\">\n<figure class=\"wp-block-image size-large hover-img\"><img loading=\"lazy\" decoding=\"async\" width=\"768\" height=\"1024\" src=\"https:\/\/kinanemoualla.fr\/wp-content\/uploads\/2024\/08\/IMG_4160-768x1024.jpeg\" alt=\"\" class=\"wp-image-54\" style=\"aspect-ratio:2\/3;object-fit:cover\" srcset=\"https:\/\/kinanemoualla.fr\/wp-content\/uploads\/2024\/08\/IMG_4160-768x1024.jpeg 768w, https:\/\/kinanemoualla.fr\/wp-content\/uploads\/2024\/08\/IMG_4160-225x300.jpeg 225w, https:\/\/kinanemoualla.fr\/wp-content\/uploads\/2024\/08\/IMG_4160-1152x1536.jpeg 1152w, https:\/\/kinanemoualla.fr\/wp-content\/uploads\/2024\/08\/IMG_4160-1536x2048.jpeg 1536w, https:\/\/kinanemoualla.fr\/wp-content\/uploads\/2024\/08\/IMG_4160-scaled.jpeg 1920w\" sizes=\"auto, (max-width: 768px) 100vw, 768px\" \/><\/figure>\n<\/div>\n<\/div>\n\n\n\n<p><\/p>\n","protected":false},"excerpt":{"rendered":"<p>TOURNAGES Je me suis tr\u00e8s vite rendu compte que ce qui \u00e9tait le plus important chez un monteur son n&rsquo;\u00e9tait rien d&rsquo;autre que la qualit\u00e9 des enregistrements qu&rsquo;il poss\u00e8de. Quelle meilleure mani\u00e8re d&rsquo;enrichir sa banque son que de continuer \u00e0 tourner, que ce soit des court-m\u00e9trages, de la s\u00e9rie, du documentaire ou m\u00eame du corporate. [&hellip;]<\/p>\n","protected":false},"author":1,"featured_media":0,"parent":0,"menu_order":0,"comment_status":"closed","ping_status":"closed","template":"","meta":{"footnotes":""},"class_list":["post-118","page","type-page","status-publish","hentry"],"_links":{"self":[{"href":"https:\/\/kinanemoualla.fr\/index.php?rest_route=\/wp\/v2\/pages\/118","targetHints":{"allow":["GET"]}}],"collection":[{"href":"https:\/\/kinanemoualla.fr\/index.php?rest_route=\/wp\/v2\/pages"}],"about":[{"href":"https:\/\/kinanemoualla.fr\/index.php?rest_route=\/wp\/v2\/types\/page"}],"author":[{"embeddable":true,"href":"https:\/\/kinanemoualla.fr\/index.php?rest_route=\/wp\/v2\/users\/1"}],"replies":[{"embeddable":true,"href":"https:\/\/kinanemoualla.fr\/index.php?rest_route=%2Fwp%2Fv2%2Fcomments&post=118"}],"version-history":[{"count":39,"href":"https:\/\/kinanemoualla.fr\/index.php?rest_route=\/wp\/v2\/pages\/118\/revisions"}],"predecessor-version":[{"id":420,"href":"https:\/\/kinanemoualla.fr\/index.php?rest_route=\/wp\/v2\/pages\/118\/revisions\/420"}],"wp:attachment":[{"href":"https:\/\/kinanemoualla.fr\/index.php?rest_route=%2Fwp%2Fv2%2Fmedia&parent=118"}],"curies":[{"name":"wp","href":"https:\/\/api.w.org\/{rel}","templated":true}]}}